{"id":939,"date":"2018-06-15T10:37:22","date_gmt":"2018-06-15T10:37:22","guid":{"rendered":"https:\/\/systeminfo.pt\/?post_type=product&#038;p=939"},"modified":"2022-06-24T17:46:09","modified_gmt":"2022-06-24T17:46:09","slug":"brother-hl-l2300","status":"publish","type":"product","link":"https:\/\/systeminfo.pt\/index.php\/product\/brother-hl-l2300\/","title":{"rendered":"Brother HL-L2300D"},"content":{"rendered":"<p>ESPECIFICA\u00c7\u00d5ES T\u00c9CNICAS<\/p>\n<ul>\n<li>Fun\u00e7\u00f5es Impress\u00e3o<\/li>\n<li>Resolu\u00e7\u00e3o de impress\u00e3o Preto (melhor): At\u00e9 600 x 600 ppp (1200 ppp<\/li>\n<li>Impress\u00e3o frente e verso autom\u00e1tica<\/li>\n<li>Velocidade de impress\u00e3o de 26ppm<\/li>\n<li>Bandeja de entrada para 250 folhas<\/li>\n<li>Ranhura de alimenta\u00e7\u00e3o manual<\/li>\n<li>Conectividade\u00a0 1 porta USB 2.0 de alta velocidade; 1 Porta de rede Ethernet 10\/100<\/li>\n<li>Toner\u00a0 \u00a0normal\u00a0 TN2310: 1.200 p\u00e1ginas segundo ISO\/IEC 19752<\/li>\n<li>Toner alto rendimento TN2320: 2.600 p\u00e1ginas segundo ISO\/IEC 19752s<\/li>\n<\/ul>\n","protected":false},"excerpt":{"rendered":"<p>Ideal para pequenas e m\u00e9dias empresas que necessitam de imprimir documentos c\/ frente e verso.<\/p>\n<ul>\n<li>Impress\u00e3o frente e verso autom\u00e1tica<\/li>\n<li>Toner de alta capacidade para 2.600 p\u00e1ginas<\/li>\n<li>Velocidade de impress\u00e3o de 26ppm<\/li>\n<li>Bandeja de entrada para 250 folhas<\/li>\n<\/ul>\n<p>&nbsp;<\/p>\n<p>&nbsp;<\/p>\n","protected":false},"featured_media":1066,"template":"","meta":{"_exactmetrics_skip_tracking":false,"_exactmetrics_sitenote_active":false,"_exactmetrics_sitenote_note":"","_exactmetrics_sitenote_category":0},"product_brand":[],"product_cat":[112,105],"product_tag":[],"class_list":{"0":"post-939","1":"product","2":"type-product","3":"status-publish","4":"has-post-thumbnail","6":"product_cat-impressoras","7":"product_cat-recondicionado","9":"first","10":"instock","11":"shipping-taxable","12":"product-type-simple"},"_links":{"self":[{"href":"https:\/\/systeminfo.pt\/index.php\/wp-json\/wp\/v2\/product\/939","targetHints":{"allow":["GET"]}}],"collection":[{"href":"https:\/\/systeminfo.pt\/index.php\/wp-json\/wp\/v2\/product"}],"about":[{"href":"https:\/\/systeminfo.pt\/index.php\/wp-json\/wp\/v2\/types\/product"}],"version-history":[{"count":1,"href":"https:\/\/systeminfo.pt\/index.php\/wp-json\/wp\/v2\/product\/939\/revisions"}],"predecessor-version":[{"id":940,"href":"https:\/\/systeminfo.pt\/index.php\/wp-json\/wp\/v2\/product\/939\/revisions\/940"}],"wp:featuredmedia":[{"embeddable":true,"href":"https:\/\/systeminfo.pt\/index.php\/wp-json\/wp\/v2\/media\/1066"}],"wp:attachment":[{"href":"https:\/\/systeminfo.pt\/index.php\/wp-json\/wp\/v2\/media?parent=939"}],"wp:term":[{"taxonomy":"product_brand","embeddable":true,"href":"https:\/\/systeminfo.pt\/index.php\/wp-json\/wp\/v2\/product_brand?post=939"},{"taxonomy":"product_cat","embeddable":true,"href":"https:\/\/systeminfo.pt\/index.php\/wp-json\/wp\/v2\/product_cat?post=939"},{"taxonomy":"product_tag","embeddable":true,"href":"https:\/\/systeminfo.pt\/index.php\/wp-json\/wp\/v2\/product_tag?post=939"}],"curies":[{"name":"wp","href":"https:\/\/api.w.org\/{rel}","templated":true}]}}