{"id":933,"date":"2018-06-15T10:07:24","date_gmt":"2018-06-15T10:07:24","guid":{"rendered":"https:\/\/systeminfo.pt\/?post_type=product&#038;p=933"},"modified":"2022-02-13T21:55:28","modified_gmt":"2022-02-13T21:55:28","slug":"hl-5450dn","status":"publish","type":"product","link":"https:\/\/systeminfo.pt\/index.php\/product\/hl-5450dn\/","title":{"rendered":"Brother HL-5450dn"},"content":{"rendered":"<p>ESPECIFICA\u00c7\u00d5ES T\u00c9CNICAS<\/p>\n<ul>\n<li>Fun\u00e7\u00f5es Impress\u00e3o<\/li>\n<li>Resolu\u00e7\u00e3o de impress\u00e3o Preto (melhor): At\u00e9 600 x 600 ppp (1200 ppp<\/li>\n<li>Tecnologia de impress\u00e3o Laser<\/li>\n<li>Velocidade de impress\u00e3o Preto (A4): At\u00e9 38 ppm;<\/li>\n<li>N\u00famero de toner 1 (preto)<\/li>\n<li>Impress\u00e3o frente e verso<\/li>\n<li>Conectividade\u00a0 1 porta USB 2.0 de alta velocidade; 1 Porta de rede Ethernet 10\/100<\/li>\n<\/ul>\n","protected":false},"excerpt":{"rendered":"<p>Ideal para pequenas e m\u00e9dias empresas que necessitam de imprimir documentos c\/ frente e verso.<\/p>\n<ul>\n<li>Velocidade de impress\u00e3o at\u00e9 38 ppm<\/li>\n<li>Impress\u00e3o frente e verso autom\u00e1tica<\/li>\n<li>Placa de rede Ethernet<\/li>\n<li>Bandeja 250 folhas + multiprop\u00f3sito 50 folhas<\/li>\n<\/ul>\n<p>&nbsp;<\/p>\n<p>&nbsp;<\/p>\n","protected":false},"featured_media":1070,"template":"","meta":{"_exactmetrics_skip_tracking":false,"_exactmetrics_sitenote_active":false,"_exactmetrics_sitenote_note":"","_exactmetrics_sitenote_category":0},"product_brand":[],"product_cat":[112,105],"product_tag":[],"class_list":{"0":"post-933","1":"product","2":"type-product","3":"status-publish","4":"has-post-thumbnail","6":"product_cat-impressoras","7":"product_cat-recondicionado","9":"first","10":"instock","11":"shipping-taxable","12":"product-type-simple"},"_links":{"self":[{"href":"https:\/\/systeminfo.pt\/index.php\/wp-json\/wp\/v2\/product\/933","targetHints":{"allow":["GET"]}}],"collection":[{"href":"https:\/\/systeminfo.pt\/index.php\/wp-json\/wp\/v2\/product"}],"about":[{"href":"https:\/\/systeminfo.pt\/index.php\/wp-json\/wp\/v2\/types\/product"}],"version-history":[{"count":1,"href":"https:\/\/systeminfo.pt\/index.php\/wp-json\/wp\/v2\/product\/933\/revisions"}],"predecessor-version":[{"id":934,"href":"https:\/\/systeminfo.pt\/index.php\/wp-json\/wp\/v2\/product\/933\/revisions\/934"}],"wp:featuredmedia":[{"embeddable":true,"href":"https:\/\/systeminfo.pt\/index.php\/wp-json\/wp\/v2\/media\/1070"}],"wp:attachment":[{"href":"https:\/\/systeminfo.pt\/index.php\/wp-json\/wp\/v2\/media?parent=933"}],"wp:term":[{"taxonomy":"product_brand","embeddable":true,"href":"https:\/\/systeminfo.pt\/index.php\/wp-json\/wp\/v2\/product_brand?post=933"},{"taxonomy":"product_cat","embeddable":true,"href":"https:\/\/systeminfo.pt\/index.php\/wp-json\/wp\/v2\/product_cat?post=933"},{"taxonomy":"product_tag","embeddable":true,"href":"https:\/\/systeminfo.pt\/index.php\/wp-json\/wp\/v2\/product_tag?post=933"}],"curies":[{"name":"wp","href":"https:\/\/api.w.org\/{rel}","templated":true}]}}