{"id":929,"date":"2018-06-14T22:31:01","date_gmt":"2018-06-14T22:31:01","guid":{"rendered":"https:\/\/systeminfo.pt\/?post_type=product&#038;p=929"},"modified":"2022-06-24T17:45:42","modified_gmt":"2022-06-24T17:45:42","slug":"hp-laserjet-1536dn","status":"publish","type":"product","link":"https:\/\/systeminfo.pt\/index.php\/product\/hp-laserjet-1536dn\/","title":{"rendered":"HP laserjet Pro 400MFP 425dw"},"content":{"rendered":"<p>ESPECIFICA\u00c7\u00d5ES T\u00c9CNICAS<\/p>\n<ul>\n<li>Fun\u00e7\u00f5es Impress\u00e3o, c\u00f3pia, Scanner, fax<\/li>\n<li>Resolu\u00e7\u00e3o de impress\u00e3o Preto (melhor): At\u00e9 600 x 600 ppp (1200 ppp<\/li>\n<li>Tecnologia de impress\u00e3o Laser<\/li>\n<li>Velocidade de impress\u00e3o Preto (A4): At\u00e9 33 ppm;<\/li>\n<li>N\u00famero de toner 1 (preto)<\/li>\n<li>Impress\u00e3o frente e verso; Controlador de Impress\u00e3o Universal HP e HP<\/li>\n<li>Ciclo de produtividade Mensalmente, A4: At\u00e9 3000 p\u00e1ginas<\/li>\n<li>Digitaliza\u00e7\u00e3o a Cores Sim<\/li>\n<li>Tipo de digitaliza\u00e7\u00e3o Base plana, alimentador autom\u00e1tico de documentos<\/li>\n<li>Velocidade de Digitaliza\u00e7\u00e3o At\u00e9 15 ppm; Preto (normal): At\u00e9 15 ppm; Alimentador autom\u00e1tico<\/li>\n<li>Formato de Ficheiro de Digitaliza\u00e7\u00e3o JPEG, TIF, BMP, GIF, PDF, PNG<\/li>\n<li>Modos de Entrada para Digitaliza\u00e7\u00e3o Bot\u00f5es de digitalizar, copiar ou enviar por fax no painel de controlo<\/li>\n<li>Velocidade de c\u00f3pia Preto (A4): At\u00e9 33 cpm<\/li>\n<li>N\u00famero m\u00e1ximo de c\u00f3pias At\u00e9 99 c\u00f3pias<\/li>\n<li>Dimensionamento da Copiadora 25 at\u00e9 400%<\/li>\n<li>Resolu\u00e7\u00e3o de fax Preto e branco, modo melhorado: At\u00e9 300 x 300 ppp<\/li>\n<li>Conectividade de S\u00e9rie 1 porta USB 2.0 de alta velocidade; 1 Porta de rede Ethernet 10\/100<\/li>\n<li>Capacidades de Rede Pronto para trabalhar em rede: Standard (Ethernet incorporada)<\/li>\n<li>Painel de Controlo Ecr\u00e3 LCD de texto com 2 linhas; Bot\u00f5es (Alfanum\u00e9rico, Navega\u00e7\u00e3o).<\/li>\n<\/ul>\n","protected":false},"excerpt":{"rendered":"<p>Ideal para pequenas e m\u00e9dias empresas que necessitam de imprimir documentos a 33ppm A4 c\/ frente e verso e digitalizar, efetuar c\u00f3pias e enviar faxes a partir de uma rent\u00e1vel MFP em rede que tamb\u00e9m recebe trabalhos de impress\u00e3o a partir de dispositivos m\u00f3veis<\/p>\n","protected":false},"featured_media":1017,"template":"","meta":{"_exactmetrics_skip_tracking":false,"_exactmetrics_sitenote_active":false,"_exactmetrics_sitenote_note":"","_exactmetrics_sitenote_category":0},"product_brand":[],"product_cat":[138],"product_tag":[109],"class_list":{"0":"post-929","1":"product","2":"type-product","3":"status-publish","4":"has-post-thumbnail","6":"product_cat-uncategorized","7":"product_tag-hp-laserjet-pro-425dw","9":"first","10":"instock","11":"shipping-taxable","12":"product-type-simple"},"_links":{"self":[{"href":"https:\/\/systeminfo.pt\/index.php\/wp-json\/wp\/v2\/product\/929","targetHints":{"allow":["GET"]}}],"collection":[{"href":"https:\/\/systeminfo.pt\/index.php\/wp-json\/wp\/v2\/product"}],"about":[{"href":"https:\/\/systeminfo.pt\/index.php\/wp-json\/wp\/v2\/types\/product"}],"version-history":[{"count":1,"href":"https:\/\/systeminfo.pt\/index.php\/wp-json\/wp\/v2\/product\/929\/revisions"}],"predecessor-version":[{"id":930,"href":"https:\/\/systeminfo.pt\/index.php\/wp-json\/wp\/v2\/product\/929\/revisions\/930"}],"wp:featuredmedia":[{"embeddable":true,"href":"https:\/\/systeminfo.pt\/index.php\/wp-json\/wp\/v2\/media\/1017"}],"wp:attachment":[{"href":"https:\/\/systeminfo.pt\/index.php\/wp-json\/wp\/v2\/media?parent=929"}],"wp:term":[{"taxonomy":"product_brand","embeddable":true,"href":"https:\/\/systeminfo.pt\/index.php\/wp-json\/wp\/v2\/product_brand?post=929"},{"taxonomy":"product_cat","embeddable":true,"href":"https:\/\/systeminfo.pt\/index.php\/wp-json\/wp\/v2\/product_cat?post=929"},{"taxonomy":"product_tag","embeddable":true,"href":"https:\/\/systeminfo.pt\/index.php\/wp-json\/wp\/v2\/product_tag?post=929"}],"curies":[{"name":"wp","href":"https:\/\/api.w.org\/{rel}","templated":true}]}}