{"id":709,"date":"2018-05-18T09:59:32","date_gmt":"2018-05-18T09:59:32","guid":{"rendered":"http:\/\/localhost\/wordpress2\/?post_type=product&#038;p=709"},"modified":"2022-04-03T22:57:54","modified_gmt":"2022-04-03T22:57:54","slug":"bioface-3","status":"publish","type":"product","link":"https:\/\/systeminfo.pt\/index.php\/product\/bioface-3\/","title":{"rendered":"ACFace 4"},"content":{"rendered":"<p><strong>Caracter\u00edsticas ACFacebio 4:<\/strong><\/p>\n<p>\u2022 Identifica\u00e7\u00e3o por reconhecimento facial, impress\u00e3o digital, cart\u00e3o RFID e PIN<br \/>\n\u2022 Ecr\u00e3 TFT de 5&#8243; IPS sens\u00edvel ao toque (touch screen)<br \/>\n\u2022 Capacidade para registar at\u00e9 2000 faces e at\u00e9 10000 impress\u00f5es digitais<br \/>\n\u2022\u00a0Dist\u00e2ncia de captura para o reconhecimento facial: 50 a 200 cm<br \/>\n\u2022 Sistema de reconhecimento facial com duas c\u00e2meras HD (evita fraude na valida\u00e7\u00e3o)<br \/>\n\u2022 R\u00e1pida valida\u00e7\u00e3o da face (menos de 1 segundo)<br \/>\n\u2022 Valida\u00e7\u00e3o de face fidedigna mesmo ambientes com pouca luz<br \/>\n\u2022 Liga\u00e7\u00e3o para abertura de trinco el\u00e9trico ou bot\u00e3o de sa\u00edda<br \/>\n\u2022 Som wave e voz humana que informa o utilizador sobre o estado das opera\u00e7\u00f5es<br \/>\n\u2022 Gest\u00e3o dos funcion\u00e1rios no pr\u00f3prio terminal<br \/>\n\u2022 Visualiza\u00e7\u00e3o das horas trabalhadas no rel\u00f3gio de ponto<br \/>\n\u2022 Possibilidade de extrair v\u00e1rios relat\u00f3rios em formato Excel (atrav\u00e9s de pen USB)<br \/>\n\u2022 Configura\u00e7\u00e3o do tempo m\u00ednimo entre marca\u00e7\u00f5es no pr\u00f3prio terminal<br \/>\n\u2022 Registo de eventos (log) no pr\u00f3prio terminal (capacidade para 100000 registos)<br \/>\n\u2022 Menus dispon\u00edveis em Portugu\u00eas e Ingl\u00eas<br \/>\n\u2022 Comunica atrav\u00e9s de TCP\/IP<br \/>\n\u2022 Design elegante e ergon\u00f3mico<br \/>\n\u2022 Tens\u00e3o de funcionamento: 12V DC<br \/>\n\u2022 Dimens\u00f5es: 203 x 86 x 23 mm<br \/>\n\u2022 Peso: 0,6 Kg<br \/>\n\u2022 Entrada\/Sa\u00edda wiegand<br \/>\n\u2022 Porta USB<br \/>\n\u2022 Funcionamento aut\u00f3nomo ou controlado por PC atrav\u00e9s do software Time Report<br \/>\n\u2022\u00a0Ativa\u00e7\u00e3o de\u00a0<strong>Sirene 12V DC<\/strong><br \/>\n\u2022\u00a0Compat\u00edvel e configur\u00e1vel atrav\u00e9s do software Time Report<\/p>\n","protected":false},"excerpt":{"rendered":"<p>O <strong>ACFace 4<\/strong>\u00a0\u00e9 um rel\u00f3gio de ponto com duas c\u00e2meras HD\u00a0 que permitem verificar e validar a identidade dos seus funcion\u00e1rios de forma r\u00e1pida e segura.<\/p>\n","protected":false},"featured_media":5489,"template":"","meta":{"_exactmetrics_skip_tracking":false,"_exactmetrics_sitenote_active":false,"_exactmetrics_sitenote_note":"","_exactmetrics_sitenote_category":0},"product_brand":[],"product_cat":[87],"product_tag":[],"class_list":{"0":"post-709","1":"product","2":"type-product","3":"status-publish","4":"has-post-thumbnail","6":"product_cat-relogio-de-ponto","8":"first","9":"instock","10":"featured","11":"shipping-taxable","12":"product-type-simple"},"_links":{"self":[{"href":"https:\/\/systeminfo.pt\/index.php\/wp-json\/wp\/v2\/product\/709","targetHints":{"allow":["GET"]}}],"collection":[{"href":"https:\/\/systeminfo.pt\/index.php\/wp-json\/wp\/v2\/product"}],"about":[{"href":"https:\/\/systeminfo.pt\/index.php\/wp-json\/wp\/v2\/types\/product"}],"version-history":[{"count":1,"href":"https:\/\/systeminfo.pt\/index.php\/wp-json\/wp\/v2\/product\/709\/revisions"}],"predecessor-version":[{"id":5488,"href":"https:\/\/systeminfo.pt\/index.php\/wp-json\/wp\/v2\/product\/709\/revisions\/5488"}],"wp:featuredmedia":[{"embeddable":true,"href":"https:\/\/systeminfo.pt\/index.php\/wp-json\/wp\/v2\/media\/5489"}],"wp:attachment":[{"href":"https:\/\/systeminfo.pt\/index.php\/wp-json\/wp\/v2\/media?parent=709"}],"wp:term":[{"taxonomy":"product_brand","embeddable":true,"href":"https:\/\/systeminfo.pt\/index.php\/wp-json\/wp\/v2\/product_brand?post=709"},{"taxonomy":"product_cat","embeddable":true,"href":"https:\/\/systeminfo.pt\/index.php\/wp-json\/wp\/v2\/product_cat?post=709"},{"taxonomy":"product_tag","embeddable":true,"href":"https:\/\/systeminfo.pt\/index.php\/wp-json\/wp\/v2\/product_tag?post=709"}],"curies":[{"name":"wp","href":"https:\/\/api.w.org\/{rel}","templated":true}]}}