{"id":706,"date":"2022-06-24T09:56:09","date_gmt":"2022-06-24T09:56:09","guid":{"rendered":"http:\/\/localhost\/wordpress2\/?post_type=product&#038;p=706"},"modified":"2022-06-24T19:42:03","modified_gmt":"2022-06-24T19:42:03","slug":"outlock-3-usb-bio","status":"publish","type":"product","link":"https:\/\/systeminfo.pt\/index.php\/product\/outlock-3-usb-bio\/","title":{"rendered":"OutLock USB Bio"},"content":{"rendered":"<h4>Rel\u00f3gio de ponto Outlock USB Bio<\/h4>\n<p>At\u00e9 900 impress\u00f5es digitais em compara\u00e7\u00e3o 1-n<br \/>\n\u2022 Porta* USB*<br \/>\n\u2022 Tela gr\u00e1fica 128&#215;64 pixels com backlight<br \/>\n\u2022 Leitor de cart\u00f5es de proximidade RFID 125Khz ou Mifare<br \/>\n\u2022 Possibilidade de ligar um leitor biom\u00e9trico externo ou RFID por ficha RJ12<br \/>\n\u2022 Ativa\u00e7\u00e3o de Sirene* ou Rel\u00e9*<br \/>\n\u2022 Conex\u00e3o a sirene com toques program\u00e1veis<br \/>\n\u2022 Conex\u00e3o para abertura de at\u00e9 1 trancas el\u00e9tricas<br \/>\n\u2022 Tens\u00e3o de funcionamento de 7V a 24V AC\/DC<br \/>\n\u2022 Possibilidade de alimentar por POE<br \/>\n\u2022 Som wave ou bip<br \/>\n\u2022 Visualiza\u00e7\u00e3o dos saldos (horas trabalhadas) no rel\u00f3gio de ponto*<br \/>\n\u2022 Valida\u00e7\u00e3o de Saldo por Funcion\u00e1rios, Global, etc*<br \/>\n\u2022 Contabiliza\u00e7\u00e3o de Horas Trabalhadas*<br \/>\n\u2022 Controle anti-passback e controle de lota\u00e7\u00e3o*<br \/>\n\u2022 Valida\u00e7\u00e3o de tempo m\u00ednimo entre marca\u00e7\u00f5es*<br \/>\n\u2022 Funcionamento Aut\u00f3nomo atrav\u00e9s de Servidor Web*<br \/>\n\u2022 Controlo de produ\u00e7\u00e3o* (entrada USB p\/pistola de c\u00f3digo de barras)<br \/>\n\u2022 Gest\u00e3o de acessos<br \/>\n\u2022 Gerenciamento de banco de horas<\/p>\n","protected":false},"excerpt":{"rendered":"<p>Rel\u00f3gio de ponto biom\u00e9trico com entrada USB, ideal para o controlo hor\u00e1rio, de acessos e de produ\u00e7\u00e3o<\/p>\n","protected":false},"featured_media":5497,"template":"","meta":{"_exactmetrics_skip_tracking":false,"_exactmetrics_sitenote_active":false,"_exactmetrics_sitenote_note":"","_exactmetrics_sitenote_category":0},"product_brand":[],"product_cat":[87],"product_tag":[],"class_list":{"0":"post-706","1":"product","2":"type-product","3":"status-publish","4":"has-post-thumbnail","6":"product_cat-relogio-de-ponto","8":"first","9":"instock","10":"featured","11":"shipping-taxable","12":"product-type-simple"},"_links":{"self":[{"href":"https:\/\/systeminfo.pt\/index.php\/wp-json\/wp\/v2\/product\/706","targetHints":{"allow":["GET"]}}],"collection":[{"href":"https:\/\/systeminfo.pt\/index.php\/wp-json\/wp\/v2\/product"}],"about":[{"href":"https:\/\/systeminfo.pt\/index.php\/wp-json\/wp\/v2\/types\/product"}],"version-history":[{"count":1,"href":"https:\/\/systeminfo.pt\/index.php\/wp-json\/wp\/v2\/product\/706\/revisions"}],"predecessor-version":[{"id":926,"href":"https:\/\/systeminfo.pt\/index.php\/wp-json\/wp\/v2\/product\/706\/revisions\/926"}],"wp:featuredmedia":[{"embeddable":true,"href":"https:\/\/systeminfo.pt\/index.php\/wp-json\/wp\/v2\/media\/5497"}],"wp:attachment":[{"href":"https:\/\/systeminfo.pt\/index.php\/wp-json\/wp\/v2\/media?parent=706"}],"wp:term":[{"taxonomy":"product_brand","embeddable":true,"href":"https:\/\/systeminfo.pt\/index.php\/wp-json\/wp\/v2\/product_brand?post=706"},{"taxonomy":"product_cat","embeddable":true,"href":"https:\/\/systeminfo.pt\/index.php\/wp-json\/wp\/v2\/product_cat?post=706"},{"taxonomy":"product_tag","embeddable":true,"href":"https:\/\/systeminfo.pt\/index.php\/wp-json\/wp\/v2\/product_tag?post=706"}],"curies":[{"name":"wp","href":"https:\/\/api.w.org\/{rel}","templated":true}]}}