{"id":5531,"date":"2022-04-02T23:05:45","date_gmt":"2022-04-02T23:05:45","guid":{"rendered":"https:\/\/systeminfo.pt\/?post_type=product&#038;p=5531"},"modified":"2022-06-24T17:50:12","modified_gmt":"2022-06-24T17:50:12","slug":"plotter-canon-ta-20","status":"publish","type":"product","link":"https:\/\/systeminfo.pt\/index.php\/product\/plotter-canon-ta-20\/","title":{"rendered":"Plotter Canon TA-20"},"content":{"rendered":"<p>Aumento de produtividade<br \/>\nMantenha a velocidade e reduza os custos com uma impress\u00e3o cont\u00ednua, mesmo durante a substitui\u00e7\u00e3o do tinteiro.<\/p>\n<p>Impress\u00e3o de elevada precis\u00e3o<br \/>\nO inovador sistema de alimenta\u00e7\u00e3o por v\u00e1cuo mant\u00e9m o papel plano para garantir uma impress\u00e3o de elevada qualidade numa variedade de suportes.<\/p>\n<p>Impress\u00e3o de alta qualidade a partir de uma impressora multifun\u00e7\u00f5es compacta, otimizada com impress\u00e3o sem margens e tinteiros LUCIA TD de 55 ml.<\/p>\n","protected":false},"excerpt":{"rendered":"<p>Minimize os custos com suportes e tinteiros gra\u00e7as a uma impress\u00e3o sem margens vers\u00e1til<br \/>\nA avan\u00e7ada tecnologia de v\u00e1rios sensores garante uma impress\u00e3o sem margens altamente precisa em qualquer tamanho de rolo, mesmo que a largura do rolo e o formato de impress\u00e3o n\u00e3o correspondam. Os custos com tinteiros tamb\u00e9m est\u00e3o otimizados gra\u00e7as a um tinteiro de 55 ml para um volume de impress\u00e3o inferior, mas com uma qualidade impressionante.<\/p>\n<p>&nbsp;<\/p>\n","protected":false},"featured_media":5529,"template":"","meta":{"_exactmetrics_skip_tracking":false,"_exactmetrics_sitenote_active":false,"_exactmetrics_sitenote_note":"","_exactmetrics_sitenote_category":0},"product_brand":[],"product_cat":[114],"product_tag":[],"class_list":{"0":"post-5531","1":"product","2":"type-product","3":"status-publish","4":"has-post-thumbnail","6":"product_cat-grandes-formatos","8":"first","9":"instock","10":"featured","11":"shipping-taxable","12":"product-type-simple"},"_links":{"self":[{"href":"https:\/\/systeminfo.pt\/index.php\/wp-json\/wp\/v2\/product\/5531","targetHints":{"allow":["GET"]}}],"collection":[{"href":"https:\/\/systeminfo.pt\/index.php\/wp-json\/wp\/v2\/product"}],"about":[{"href":"https:\/\/systeminfo.pt\/index.php\/wp-json\/wp\/v2\/types\/product"}],"version-history":[{"count":1,"href":"https:\/\/systeminfo.pt\/index.php\/wp-json\/wp\/v2\/product\/5531\/revisions"}],"predecessor-version":[{"id":5532,"href":"https:\/\/systeminfo.pt\/index.php\/wp-json\/wp\/v2\/product\/5531\/revisions\/5532"}],"wp:featuredmedia":[{"embeddable":true,"href":"https:\/\/systeminfo.pt\/index.php\/wp-json\/wp\/v2\/media\/5529"}],"wp:attachment":[{"href":"https:\/\/systeminfo.pt\/index.php\/wp-json\/wp\/v2\/media?parent=5531"}],"wp:term":[{"taxonomy":"product_brand","embeddable":true,"href":"https:\/\/systeminfo.pt\/index.php\/wp-json\/wp\/v2\/product_brand?post=5531"},{"taxonomy":"product_cat","embeddable":true,"href":"https:\/\/systeminfo.pt\/index.php\/wp-json\/wp\/v2\/product_cat?post=5531"},{"taxonomy":"product_tag","embeddable":true,"href":"https:\/\/systeminfo.pt\/index.php\/wp-json\/wp\/v2\/product_tag?post=5531"}],"curies":[{"name":"wp","href":"https:\/\/api.w.org\/{rel}","templated":true}]}}