{"id":5483,"date":"2022-02-07T23:00:47","date_gmt":"2022-02-07T23:00:47","guid":{"rendered":"https:\/\/systeminfo.pt\/?post_type=product&#038;p=5483"},"modified":"2022-06-24T17:48:33","modified_gmt":"2022-06-24T17:48:33","slug":"ricoh-im-c300","status":"publish","type":"product","link":"https:\/\/systeminfo.pt\/index.php\/product\/ricoh-im-c300\/","title":{"rendered":"Ricoh IM C300"},"content":{"rendered":"<p>&nbsp;<\/p>\n<ul>\n<li>30 p\u00e1ginas por minuto, desempenho de impress\u00e3o de 1200 dpi<\/li>\n<li>Alimentador de documentos de uma s\u00f3 passagem (SPDF) de elevada capacidade<\/li>\n<li>Alimenta\u00e7\u00e3o de papel de comuta\u00e7\u00e3o autom\u00e1tica de 3 bandejas para 2000 folhas (opcional)<\/li>\n<li>Smart Operation Panel de 10,1 polegadas de grande dimens\u00e3o<\/li>\n<li>Always Current Technology da RICOH mant\u00e9m o dispositivo atualizado<\/li>\n<li>Ajuda Web e RemoteConnect reduzem o tempo de inatividade<\/li>\n<\/ul>\n","protected":false},"excerpt":{"rendered":"<p>A IM C300 \u00e9 uma impressora multifun\u00e7\u00f5es A4 de elevado desempenho, duradoura e robusta e o primeiro dispositivo A4 da Ricoh que tem a &#8216;Always Current Technology&#8217; da Ricoh, o que significa que funciona sempre com a tecnologia mais atualizada.<\/p>\n<p>Criada para melhorar o seu fluxo de trabalho, est\u00e1 sempre pronta a funcionar. Pode imprimir, copiar e digitalizar mais suportes, mais rapidamente e de forma remota a partir de qualquer s\u00edtio. Ficar\u00e1 feliz ao saber que os nossos modelos A4 e A3 dos equipamentos multifun\u00e7\u00f5es tamb\u00e9m funcionam exatamente da mesma forma.<\/p>\n<p>&nbsp;<\/p>\n","protected":false},"featured_media":5481,"template":"","meta":{"_exactmetrics_skip_tracking":false,"_exactmetrics_sitenote_active":false,"_exactmetrics_sitenote_note":"","_exactmetrics_sitenote_category":0},"product_brand":[],"product_cat":[104],"product_tag":[],"class_list":{"0":"post-5483","1":"product","2":"type-product","3":"status-publish","4":"has-post-thumbnail","6":"product_cat-multifuncoes-cores","8":"first","9":"instock","10":"featured","11":"shipping-taxable","12":"product-type-simple"},"_links":{"self":[{"href":"https:\/\/systeminfo.pt\/index.php\/wp-json\/wp\/v2\/product\/5483","targetHints":{"allow":["GET"]}}],"collection":[{"href":"https:\/\/systeminfo.pt\/index.php\/wp-json\/wp\/v2\/product"}],"about":[{"href":"https:\/\/systeminfo.pt\/index.php\/wp-json\/wp\/v2\/types\/product"}],"version-history":[{"count":0,"href":"https:\/\/systeminfo.pt\/index.php\/wp-json\/wp\/v2\/product\/5483\/revisions"}],"wp:featuredmedia":[{"embeddable":true,"href":"https:\/\/systeminfo.pt\/index.php\/wp-json\/wp\/v2\/media\/5481"}],"wp:attachment":[{"href":"https:\/\/systeminfo.pt\/index.php\/wp-json\/wp\/v2\/media?parent=5483"}],"wp:term":[{"taxonomy":"product_brand","embeddable":true,"href":"https:\/\/systeminfo.pt\/index.php\/wp-json\/wp\/v2\/product_brand?post=5483"},{"taxonomy":"product_cat","embeddable":true,"href":"https:\/\/systeminfo.pt\/index.php\/wp-json\/wp\/v2\/product_cat?post=5483"},{"taxonomy":"product_tag","embeddable":true,"href":"https:\/\/systeminfo.pt\/index.php\/wp-json\/wp\/v2\/product_tag?post=5483"}],"curies":[{"name":"wp","href":"https:\/\/api.w.org\/{rel}","templated":true}]}}