{"id":1482,"date":"2019-02-25T17:06:32","date_gmt":"2019-02-25T17:06:32","guid":{"rendered":"https:\/\/systeminfo.pt\/?post_type=product&#038;p=1482"},"modified":"2022-04-02T23:25:25","modified_gmt":"2022-04-02T23:25:25","slug":"ricoh-im-c400","status":"publish","type":"product","link":"https:\/\/systeminfo.pt\/index.php\/product\/ricoh-im-c400\/","title":{"rendered":"Ricoh IM C400"},"content":{"rendered":"<p>43\/400 ppm (P&amp;B\/Cor)<br \/>\n1200 x 1200 ppp (Impress\u00e3o)<br \/>\nMem\u00f3ria 2GB + 320 GB Disco<br \/>\nDesde A5 at\u00e9 A4 e at\u00e9 220 gramas<br \/>\nCPU: Intel Atom 1,3 Ghz<br \/>\nZoom 25% at\u00e9 400%<br \/>\nBandeja 500 folhas + alim. manual 100 folhas<br \/>\nVelocidade da 1\u00aa C\u00f3pia: 6,2 seg a P\/B e 7,4 seg a Cores<br \/>\nDuplex autom\u00e1tico de alta velocidade<br \/>\nAlimentador de Scanner Duplo<br \/>\nFinalizador (C400 SRF)<br \/>\nLiga\u00e7\u00f5es USB 2.0 e Placa de Rede 10\/100\/1000Mbps<br \/>\nLinguagem de impress\u00e3o PCL5c, PCL6, PostScript3<br \/>\nScan to email, Folder, FTP, USB<br \/>\nLAN \u2013 Fax integral<br \/>\nEncaminhamento do fax recebido p\/ E-mail ou pasta<br \/>\nIP Fax &amp; Internet Fax<\/p>\n","protected":false},"excerpt":{"rendered":"<h1 class=\"product_title entry-title\"><span style=\"font-size: 16px;\">A IM C400 \u00e9 uma impressora multifun\u00e7\u00f5es A4 a Cores de elevado desempenho, duradoura e robusta e o primeiro dispositivo A4 da Ricoh que tem a \u2018Always Current Technology\u2019 da Ricoh, o que significa que funciona sempre com a tecnologia mais atualizada.<\/span><\/h1>\n<div class=\"woocommerce-product-details__short-description\">\n<p>Criada para melhorar o seu fluxo de trabalho, est\u00e1 sempre pronta a funcionar. Pode imprimir, copiar e digitalizar mais suportes, mais rapidamente e de forma remota a partir de qualquer s\u00edtio. Ficar\u00e1 feliz ao saber que os nossos modelos A4 e A3 dos equipamentos multifun\u00e7\u00f5es tamb\u00e9m funcionam exatamente da mesma forma.<\/p>\n<\/div>\n","protected":false},"featured_media":5499,"template":"","meta":{"_exactmetrics_skip_tracking":false,"_exactmetrics_sitenote_active":false,"_exactmetrics_sitenote_note":"","_exactmetrics_sitenote_category":0},"product_brand":[],"product_cat":[104],"product_tag":[],"class_list":{"0":"post-1482","1":"product","2":"type-product","3":"status-publish","4":"has-post-thumbnail","6":"product_cat-multifuncoes-cores","8":"first","9":"instock","10":"shipping-taxable","11":"product-type-simple"},"_links":{"self":[{"href":"https:\/\/systeminfo.pt\/index.php\/wp-json\/wp\/v2\/product\/1482","targetHints":{"allow":["GET"]}}],"collection":[{"href":"https:\/\/systeminfo.pt\/index.php\/wp-json\/wp\/v2\/product"}],"about":[{"href":"https:\/\/systeminfo.pt\/index.php\/wp-json\/wp\/v2\/types\/product"}],"version-history":[{"count":1,"href":"https:\/\/systeminfo.pt\/index.php\/wp-json\/wp\/v2\/product\/1482\/revisions"}],"predecessor-version":[{"id":5502,"href":"https:\/\/systeminfo.pt\/index.php\/wp-json\/wp\/v2\/product\/1482\/revisions\/5502"}],"wp:featuredmedia":[{"embeddable":true,"href":"https:\/\/systeminfo.pt\/index.php\/wp-json\/wp\/v2\/media\/5499"}],"wp:attachment":[{"href":"https:\/\/systeminfo.pt\/index.php\/wp-json\/wp\/v2\/media?parent=1482"}],"wp:term":[{"taxonomy":"product_brand","embeddable":true,"href":"https:\/\/systeminfo.pt\/index.php\/wp-json\/wp\/v2\/product_brand?post=1482"},{"taxonomy":"product_cat","embeddable":true,"href":"https:\/\/systeminfo.pt\/index.php\/wp-json\/wp\/v2\/product_cat?post=1482"},{"taxonomy":"product_tag","embeddable":true,"href":"https:\/\/systeminfo.pt\/index.php\/wp-json\/wp\/v2\/product_tag?post=1482"}],"curies":[{"name":"wp","href":"https:\/\/api.w.org\/{rel}","templated":true}]}}