{"id":1240,"date":"2018-09-26T21:27:46","date_gmt":"2018-09-26T21:27:46","guid":{"rendered":"https:\/\/systeminfo.pt\/?post_type=product&#038;p=1240"},"modified":"2022-06-24T19:19:20","modified_gmt":"2022-06-24T19:19:20","slug":"caixa-registadora-sam4s-er-265ej","status":"publish","type":"product","link":"https:\/\/systeminfo.pt\/index.php\/product\/caixa-registadora-sam4s-er-265ej\/","title":{"rendered":"Caixa Registadora SAM4S  ER-265EJ"},"content":{"rendered":"<table width=\"100%\">\n<thead>\n<tr>\n<td colspan=\"2\"><span style=\"color: #000080;\"><strong>Registadora Samsung<\/strong><\/span><\/td>\n<\/tr>\n<\/thead>\n<tbody>\n<tr>\n<td>Largura de impress\u00e3o<\/td>\n<td>57 mm<\/td>\n<\/tr>\n<tr>\n<td>Jornal Eletr\u00f3nico<\/td>\n<td>Em papel<\/td>\n<\/tr>\n<tr>\n<td>Gest\u00e3o de mesas<\/td>\n<td>Sim<\/td>\n<\/tr>\n<\/tbody>\n<\/table>\n","protected":false},"excerpt":{"rendered":"<p style=\"text-align: left;\">Impressora t\u00e9rmica com impress\u00e3o gr\u00e1fica de log\u00f3tipo<br \/>\n18 Linhas por segundo<br \/>\nLargura de impress\u00e3o de 57.5mm<br \/>\nDisplay de operador e cliente multilinha e retroiluminado<br \/>\n16 caracteres x 2 linhas LCD<br \/>\nCPU de 32 bit<br \/>\nMem\u00f3ria flash 2 MB, Data 4 MB<br \/>\n2 Interfaces RS232, 1 USB e Leitor de cart\u00f5es USB<br \/>\nTeclado flat com 49 teclas<br \/>\nConsumo de 15W em registo<br \/>\n1000~8000 PLU&#8217;s e 99 grupos<br \/>\n15 Departamentos<br \/>\nC\u00e1lculo de taxa<br \/>\n<b>Emiss\u00e3o de fatura simplificada com os dados do cliente<\/b><br \/>\nJornal eletr\u00f3nico<br \/>\nDois n\u00edveis de relat\u00f3rio (Di\u00e1rios e mensais)<br \/>\nGest\u00e3o de mesas<br \/>\nBackup de programa\/relat\u00f3rios<\/p>\n","protected":false},"featured_media":1242,"template":"","meta":{"_exactmetrics_skip_tracking":false,"_exactmetrics_sitenote_active":false,"_exactmetrics_sitenote_note":"","_exactmetrics_sitenote_category":0},"product_brand":[],"product_cat":[15],"product_tag":[],"class_list":{"0":"post-1240","1":"product","2":"type-product","3":"status-publish","4":"has-post-thumbnail","6":"product_cat-calculo-novo","8":"first","9":"outofstock","10":"shipping-taxable","11":"product-type-simple"},"_links":{"self":[{"href":"https:\/\/systeminfo.pt\/index.php\/wp-json\/wp\/v2\/product\/1240","targetHints":{"allow":["GET"]}}],"collection":[{"href":"https:\/\/systeminfo.pt\/index.php\/wp-json\/wp\/v2\/product"}],"about":[{"href":"https:\/\/systeminfo.pt\/index.php\/wp-json\/wp\/v2\/types\/product"}],"version-history":[{"count":1,"href":"https:\/\/systeminfo.pt\/index.php\/wp-json\/wp\/v2\/product\/1240\/revisions"}],"predecessor-version":[{"id":1241,"href":"https:\/\/systeminfo.pt\/index.php\/wp-json\/wp\/v2\/product\/1240\/revisions\/1241"}],"wp:featuredmedia":[{"embeddable":true,"href":"https:\/\/systeminfo.pt\/index.php\/wp-json\/wp\/v2\/media\/1242"}],"wp:attachment":[{"href":"https:\/\/systeminfo.pt\/index.php\/wp-json\/wp\/v2\/media?parent=1240"}],"wp:term":[{"taxonomy":"product_brand","embeddable":true,"href":"https:\/\/systeminfo.pt\/index.php\/wp-json\/wp\/v2\/product_brand?post=1240"},{"taxonomy":"product_cat","embeddable":true,"href":"https:\/\/systeminfo.pt\/index.php\/wp-json\/wp\/v2\/product_cat?post=1240"},{"taxonomy":"product_tag","embeddable":true,"href":"https:\/\/systeminfo.pt\/index.php\/wp-json\/wp\/v2\/product_tag?post=1240"}],"curies":[{"name":"wp","href":"https:\/\/api.w.org\/{rel}","templated":true}]}}