{"id":1226,"date":"2018-09-20T22:29:26","date_gmt":"2018-09-20T22:29:26","guid":{"rendered":"https:\/\/systeminfo.pt\/?post_type=product&#038;p=1226"},"modified":"2022-06-24T19:43:45","modified_gmt":"2022-06-24T19:43:45","slug":"compativeis","status":"publish","type":"product","link":"https:\/\/systeminfo.pt\/index.php\/product\/compativeis\/","title":{"rendered":"Consum\u00edveis Compat\u00edveis"},"content":{"rendered":"","protected":false},"excerpt":{"rendered":"<h2><strong>CONSUM\u00cdVEIS\u00a0<\/strong>COMPAT\u00cdVEIS<\/h2>\n<p>Disponibilizamos uma gama ampla de consum\u00edveis de impress\u00e3o compat\u00edveis para as principais marcas de equipamentos de c\u00f3pia e impress\u00e3o.<br \/>\nUtilize o formul\u00e1rio abaixo para solicitar uma cota\u00e7\u00e3o.<\/p>\n","protected":false},"featured_media":1261,"template":"","meta":{"_exactmetrics_skip_tracking":false,"_exactmetrics_sitenote_active":false,"_exactmetrics_sitenote_note":"","_exactmetrics_sitenote_category":0},"product_brand":[],"product_cat":[85],"product_tag":[120,128,127,119,116],"class_list":{"0":"post-1226","1":"product","2":"type-product","3":"status-publish","4":"has-post-thumbnail","6":"product_cat-consumiveis","7":"product_tag-consumiveis-compativeis","8":"product_tag-tinteiro","9":"product_tag-tinteiros-compativeis","10":"product_tag-toner","11":"product_tag-toner-compativel","13":"first","14":"instock","15":"shipping-taxable","16":"product-type-simple"},"_links":{"self":[{"href":"https:\/\/systeminfo.pt\/index.php\/wp-json\/wp\/v2\/product\/1226","targetHints":{"allow":["GET"]}}],"collection":[{"href":"https:\/\/systeminfo.pt\/index.php\/wp-json\/wp\/v2\/product"}],"about":[{"href":"https:\/\/systeminfo.pt\/index.php\/wp-json\/wp\/v2\/types\/product"}],"version-history":[{"count":1,"href":"https:\/\/systeminfo.pt\/index.php\/wp-json\/wp\/v2\/product\/1226\/revisions"}],"predecessor-version":[{"id":1228,"href":"https:\/\/systeminfo.pt\/index.php\/wp-json\/wp\/v2\/product\/1226\/revisions\/1228"}],"wp:featuredmedia":[{"embeddable":true,"href":"https:\/\/systeminfo.pt\/index.php\/wp-json\/wp\/v2\/media\/1261"}],"wp:attachment":[{"href":"https:\/\/systeminfo.pt\/index.php\/wp-json\/wp\/v2\/media?parent=1226"}],"wp:term":[{"taxonomy":"product_brand","embeddable":true,"href":"https:\/\/systeminfo.pt\/index.php\/wp-json\/wp\/v2\/product_brand?post=1226"},{"taxonomy":"product_cat","embeddable":true,"href":"https:\/\/systeminfo.pt\/index.php\/wp-json\/wp\/v2\/product_cat?post=1226"},{"taxonomy":"product_tag","embeddable":true,"href":"https:\/\/systeminfo.pt\/index.php\/wp-json\/wp\/v2\/product_tag?post=1226"}],"curies":[{"name":"wp","href":"https:\/\/api.w.org\/{rel}","templated":true}]}}