{"id":1225,"date":"2018-09-20T22:22:13","date_gmt":"2018-09-20T22:22:13","guid":{"rendered":"https:\/\/systeminfo.pt\/?post_type=product&#038;p=1225"},"modified":"2018-10-06T21:18:57","modified_gmt":"2018-10-06T21:18:57","slug":"originais","status":"publish","type":"product","link":"https:\/\/systeminfo.pt\/index.php\/product\/originais\/","title":{"rendered":"Consum\u00edveis  Originais"},"content":{"rendered":"","protected":false},"excerpt":{"rendered":"<div id=\"siteWrapper\" class=\"clearfix\">\n<div id=\"content\" class=\"main-content\" data-content-field=\"main-content\" data-edit-main-image=\"Banner\" data-collection-id=\"5757f91ccf80a120948b2879\">\n<div id=\"page-5757f91ccf80a120948b2879\" class=\"sqs-layout sqs-grid-12 columns-12\" data-type=\"page\" data-updated-on=\"1470361439777\">\n<div id=\"yui_3_17_2_1_1537481761757_92\" class=\"row sqs-row\">\n<div id=\"yui_3_17_2_1_1537481761757_91\" class=\"col sqs-col-12 span-12\">\n<div id=\"block-yui_3_17_2_5_1465383143143_20313\" class=\"sqs-block button-block sqs-block-button\" data-block-type=\"53\">\n<div id=\"yui_3_17_2_1_1537481761757_105\" class=\"sqs-block-content\">\n<div id=\"yui_3_17_2_1_1537481761757_104\" class=\"sqs-block-button-container--left\" data-button-size=\"small\" data-alignment=\"left\"><a class=\"sqs-block-button-element--small sqs-block-button-element\" href=\"http:\/\/www.bcnsistemas.pt\/produtos\" data-initialized=\"true\">&lt;<\/a><\/div>\n<\/div>\n<\/div>\n<div id=\"block-yui_3_17_2_3_1415409010397_5796\" class=\"sqs-block html-block sqs-block-html\" data-block-type=\"2\">\n<div class=\"sqs-block-content\">\n<h2><strong>CONSUM\u00cdVEIS ORIGINAIS<\/strong><\/h2>\n<p>Disponibilizamos uma gama ampla de consum\u00edveis de impress\u00e3o originais\u00a0 para as principais marcas de equipamentos de c\u00f3pia e impress\u00e3o.<br \/>\nUtilize o formul\u00e1rio abaixo para solicitar uma cota\u00e7\u00e3o.<\/p>\n<\/div>\n<\/div>\n<div id=\"block-18dde4c02d1e531b04de\" class=\"sqs-block image-block sqs-block-image sqs-text-ready\" data-block-type=\"5\" data-aspect-ratio=\"36.40167364016737\">\n<div id=\"yui_3_17_2_1_1537481761757_90\" class=\"sqs-block-content\">\n<div id=\"yui_3_17_2_1_1537481761757_89\" class=\"image-block-outer-wrapper layout-caption-hidden design-layout-inline\">\n<div id=\"yui_3_17_2_1_1537481761757_88\" class=\"intrinsic\">\n<div id=\"yui_3_17_2_1_1537481761757_87\" class=\"image-block-wrapper has-aspect-ratio\" data-description=\"\"><noscript>&lt;img src=&#8221;https:\/\/static1.squarespace.com\/static\/516605e8e4b035d7482e302b\/t\/5757f91ccf80a120948b2877\/1465384031474\/Consum%C3%ADveis+de+impress%C3%A3o&#8221;  alt=&#8221;Consum\u00edveis de impress\u00e3o&#8221;  \/&gt;<span id=\"mce_marker\" data-mce-type=\"bookmark\" data-mce-fragment=\"1\">\u200b<\/span><\/noscript><\/div>\n<\/div>\n<\/div>\n<\/div>\n<\/div>\n<\/div>\n<\/div>\n<\/div>\n<\/div>\n<\/div>\n","protected":false},"featured_media":1262,"template":"","meta":{"_exactmetrics_skip_tracking":false,"_exactmetrics_sitenote_active":false,"_exactmetrics_sitenote_note":"","_exactmetrics_sitenote_category":0},"product_brand":[],"product_cat":[85],"product_tag":[117,130,129,119,118],"class_list":{"0":"post-1225","1":"product","2":"type-product","3":"status-publish","4":"has-post-thumbnail","6":"product_cat-consumiveis","7":"product_tag-consumiveis-originais","8":"product_tag-tinteiros","9":"product_tag-tinteiros-originais","10":"product_tag-toner","11":"product_tag-toner-original","13":"first","14":"instock","15":"shipping-taxable","16":"product-type-simple"},"_links":{"self":[{"href":"https:\/\/systeminfo.pt\/index.php\/wp-json\/wp\/v2\/product\/1225","targetHints":{"allow":["GET"]}}],"collection":[{"href":"https:\/\/systeminfo.pt\/index.php\/wp-json\/wp\/v2\/product"}],"about":[{"href":"https:\/\/systeminfo.pt\/index.php\/wp-json\/wp\/v2\/types\/product"}],"version-history":[{"count":1,"href":"https:\/\/systeminfo.pt\/index.php\/wp-json\/wp\/v2\/product\/1225\/revisions"}],"predecessor-version":[{"id":1263,"href":"https:\/\/systeminfo.pt\/index.php\/wp-json\/wp\/v2\/product\/1225\/revisions\/1263"}],"wp:featuredmedia":[{"embeddable":true,"href":"https:\/\/systeminfo.pt\/index.php\/wp-json\/wp\/v2\/media\/1262"}],"wp:attachment":[{"href":"https:\/\/systeminfo.pt\/index.php\/wp-json\/wp\/v2\/media?parent=1225"}],"wp:term":[{"taxonomy":"product_brand","embeddable":true,"href":"https:\/\/systeminfo.pt\/index.php\/wp-json\/wp\/v2\/product_brand?post=1225"},{"taxonomy":"product_cat","embeddable":true,"href":"https:\/\/systeminfo.pt\/index.php\/wp-json\/wp\/v2\/product_cat?post=1225"},{"taxonomy":"product_tag","embeddable":true,"href":"https:\/\/systeminfo.pt\/index.php\/wp-json\/wp\/v2\/product_tag?post=1225"}],"curies":[{"name":"wp","href":"https:\/\/api.w.org\/{rel}","templated":true}]}}