{"id":1057,"date":"2018-08-16T11:45:45","date_gmt":"2018-08-16T11:45:45","guid":{"rendered":"https:\/\/systeminfo.pt\/?post_type=product&#038;p=1057"},"modified":"2022-04-02T23:30:14","modified_gmt":"2022-04-02T23:30:14","slug":"ricoh-im-c2500","status":"publish","type":"product","link":"https:\/\/systeminfo.pt\/index.php\/product\/ricoh-im-c2500\/","title":{"rendered":"Ricoh IM C2500"},"content":{"rendered":"<div class=\"site-wrapper\">\n<div class=\"container\">\n<div class=\"columns sixteen\">\n<div class=\"product-description\">\n<div class=\"container\">\n<div class=\"columns s-sixteen l-eight six\">\n<div class=\"site-wrapper\">\n<div class=\"container\">\n<div class=\"columns sixteen\">\n<div class=\"key-features\">\n<div class=\"container\">\n<div class=\"columns s-sixteen eight\">\n<div class=\"woocommerce-product-details__short-description\">\n<p>25\/25 ppm a preto e cores<br \/>\n1200 x 1200 ppp (Impress\u00e3o)<br \/>\nDisco R\u00edgido 320 GB + 2 GB RAM (M\u00e1ximo 4GB)<br \/>\nAt\u00e9 300 gramas e desde A5 at\u00e9 A3 (at\u00e9 1260mm com kit opcional)<br \/>\nCPU: Intel 1,33 Ghz<br \/>\nLiga\u00e7\u00f5es USB 2.0 e Placa de Rede 10\/100\/1000Mbps<br \/>\nLinguagem de impress\u00e3o PCL5c, PCL6, PostScript 3, PDF Direct<br \/>\nBandeja de 2 x 550 folhas + alimenta\u00e7\u00e3o manual 100 folhas<br \/>\nDuplex autom\u00e1tico de alta velocidade<br \/>\nARDF \u2013 Alimentador Revers\u00edvel de Originais (IM C2500)<br \/>\nSPDF \u2013 Alimentador Autom\u00e1tico de leitura das duas faces (IM C2500A)<br \/>\nVelocidade da 1\u00aa p\u00e1gina: 5,1 seg. Preto \/ 7,4 seg. Cor<br \/>\nImpress\u00e3o a partir de Pens e SD Cards<br \/>\nDigitaliza\u00e7\u00e3o para Pens e SD Cards<br \/>\nVelocidade Scanner at\u00e9 80 ipm (200\/300 dpi)<br \/>\nScan to email, Folder, FTP, Twain<\/p>\n<\/div>\n<\/div>\n<\/div>\n<\/div>\n<\/div>\n<\/div>\n<\/div>\n<\/div>\n<\/div>\n<\/div>\n<\/div>\n<\/div>\n<\/div>\n","protected":false},"excerpt":{"rendered":"<p>A IM C2500 \u00e9 uma impressora multifun\u00e7\u00f5es A3 e A4 de elevado desempenho, duradoura e robusta e o primeiro dispositivo A4 da Ricoh que tem a \u2018Always Current Technology\u2019 da Ricoh, o que significa que funciona sempre com a tecnologia mais atualizada.<\/p>\n<p>Criada para melhorar o seu fluxo de trabalho, est\u00e1 sempre pronta a funcionar. Pode imprimir, copiar e digitalizar mais suportes, mais rapidamente e de forma remota a partir de qualquer s\u00edtio. Ficar\u00e1 feliz ao saber que os nossos modelos A4 dos equipamentos multifun\u00e7\u00f5es tamb\u00e9m funcionam exatamente da mesma forma.<\/p>\n","protected":false},"featured_media":5507,"template":"","meta":{"_exactmetrics_skip_tracking":false,"_exactmetrics_sitenote_active":false,"_exactmetrics_sitenote_note":"","_exactmetrics_sitenote_category":0},"product_brand":[],"product_cat":[104],"product_tag":[],"class_list":{"0":"post-1057","1":"product","2":"type-product","3":"status-publish","4":"has-post-thumbnail","6":"product_cat-multifuncoes-cores","8":"first","9":"instock","10":"shipping-taxable","11":"product-type-simple"},"_links":{"self":[{"href":"https:\/\/systeminfo.pt\/index.php\/wp-json\/wp\/v2\/product\/1057","targetHints":{"allow":["GET"]}}],"collection":[{"href":"https:\/\/systeminfo.pt\/index.php\/wp-json\/wp\/v2\/product"}],"about":[{"href":"https:\/\/systeminfo.pt\/index.php\/wp-json\/wp\/v2\/types\/product"}],"version-history":[{"count":1,"href":"https:\/\/systeminfo.pt\/index.php\/wp-json\/wp\/v2\/product\/1057\/revisions"}],"predecessor-version":[{"id":1094,"href":"https:\/\/systeminfo.pt\/index.php\/wp-json\/wp\/v2\/product\/1057\/revisions\/1094"}],"wp:featuredmedia":[{"embeddable":true,"href":"https:\/\/systeminfo.pt\/index.php\/wp-json\/wp\/v2\/media\/5507"}],"wp:attachment":[{"href":"https:\/\/systeminfo.pt\/index.php\/wp-json\/wp\/v2\/media?parent=1057"}],"wp:term":[{"taxonomy":"product_brand","embeddable":true,"href":"https:\/\/systeminfo.pt\/index.php\/wp-json\/wp\/v2\/product_brand?post=1057"},{"taxonomy":"product_cat","embeddable":true,"href":"https:\/\/systeminfo.pt\/index.php\/wp-json\/wp\/v2\/product_cat?post=1057"},{"taxonomy":"product_tag","embeddable":true,"href":"https:\/\/systeminfo.pt\/index.php\/wp-json\/wp\/v2\/product_tag?post=1057"}],"curies":[{"name":"wp","href":"https:\/\/api.w.org\/{rel}","templated":true}]}}