{"id":1037,"date":"2018-08-14T15:18:07","date_gmt":"2018-08-14T15:18:07","guid":{"rendered":"https:\/\/systeminfo.pt\/?post_type=product&#038;p=1037"},"modified":"2022-02-13T21:56:24","modified_gmt":"2022-02-13T21:56:24","slug":"brother","status":"publish","type":"product","link":"https:\/\/systeminfo.pt\/index.php\/product\/brother\/","title":{"rendered":"Brother HL-L9200cdn"},"content":{"rendered":"<h4><span style=\"color: #333399;\">Principais Caracter\u00edsticas<\/span><\/h4>\n<ul>\n<li>Processador 400 Mhz<\/li>\n<li>Mem\u00f3ria Standard 128 MB Opcional Expans\u00edvel at\u00e9 384MB (1 DDR2 de 256MB &#8211; 144 pinos) MB<\/li>\n<li>Interfaces Standard USB 2.0 Hi-Speed &amp; USB Host, Ethernet 10Base-T\/100Base-TX, WiFi IEEE 802.11b\/g\/n<\/li>\n<li>Emula\u00e7\u00f5es PCL6, BR-Script3 (PostScript\u00ae3TM Language Emulation), PDF 1.7, XPS<\/li>\n<li>Fontes PCL 66 fontes escal\u00e1veis, 12 fontes em bitmap, 13 c\u00f3digos de barras BR-Script 3 66 fontes escal\u00e1veis<\/li>\n<li>Placa de rede integrada Standard<\/li>\n<li>Consum\u00edveis Toner Toner preto- 6 000 p\u00e1ginas aprox., Toner cian, magenta, amarelo- 6.00 p\u00e1ginas aprox. Tambor Tambor 25.000 p\u00e1ginas A4<\/li>\n<li>Dimens\u00f5es (mm) (largura x prof x altura) 410 x 495 x 445<\/li>\n<li>Peso 28,3 Kg<\/li>\n<li>Windows Windows 8\u00ae (edi\u00e7\u00f5es 32 &amp; 64 bits), Windows 7\u00ae (edi\u00e7\u00f5es 32 &amp; 64 bits), Windows Vista\u00ae (edi\u00e7\u00f5es 32 &amp; 64 bits), Windows\u00ae XP Professional (edi\u00e7\u00f5es 32 &amp; 64 bits), Windows\u00ae XP Home Edition, Windows\u00ae Server 2012 &amp; 2008R2, Windows\u00ae Server 2008 (edi\u00e7\u00f5es 32 &amp; 64 bits), Windows\u00ae Server 2003 (edi\u00e7\u00f5es 32 &amp; 64 bits)<\/li>\n<li>Mac OS Mac OS X 10.7.5, 10.8.x, 10.9.x<\/li>\n<li>Linux CUPS, LPD\/LPRng (ambiente x86\/x64)<\/li>\n<\/ul>\n","protected":false},"excerpt":{"rendered":"<p><span style=\"color: #333399;\">Velocidade de impress\u00e3o<\/span><\/p>\n<ul>\n<li>Mono at\u00e9 30 ppm<\/li>\n<li>Cores at\u00e9 30 ppm<\/li>\n<li>Duplex Preto at\u00e9 14 (7 folhas) ppm Cor at\u00e9 14 (7 folhas) ppm<\/li>\n<\/ul>\n","protected":false},"featured_media":1051,"template":"","meta":{"_exactmetrics_skip_tracking":false,"_exactmetrics_sitenote_active":false,"_exactmetrics_sitenote_note":"","_exactmetrics_sitenote_category":0},"product_brand":[],"product_cat":[112,105],"product_tag":[],"class_list":{"0":"post-1037","1":"product","2":"type-product","3":"status-publish","4":"has-post-thumbnail","6":"product_cat-impressoras","7":"product_cat-recondicionado","9":"first","10":"instock","11":"shipping-taxable","12":"product-type-simple"},"_links":{"self":[{"href":"https:\/\/systeminfo.pt\/index.php\/wp-json\/wp\/v2\/product\/1037","targetHints":{"allow":["GET"]}}],"collection":[{"href":"https:\/\/systeminfo.pt\/index.php\/wp-json\/wp\/v2\/product"}],"about":[{"href":"https:\/\/systeminfo.pt\/index.php\/wp-json\/wp\/v2\/types\/product"}],"version-history":[{"count":1,"href":"https:\/\/systeminfo.pt\/index.php\/wp-json\/wp\/v2\/product\/1037\/revisions"}],"predecessor-version":[{"id":1113,"href":"https:\/\/systeminfo.pt\/index.php\/wp-json\/wp\/v2\/product\/1037\/revisions\/1113"}],"wp:featuredmedia":[{"embeddable":true,"href":"https:\/\/systeminfo.pt\/index.php\/wp-json\/wp\/v2\/media\/1051"}],"wp:attachment":[{"href":"https:\/\/systeminfo.pt\/index.php\/wp-json\/wp\/v2\/media?parent=1037"}],"wp:term":[{"taxonomy":"product_brand","embeddable":true,"href":"https:\/\/systeminfo.pt\/index.php\/wp-json\/wp\/v2\/product_brand?post=1037"},{"taxonomy":"product_cat","embeddable":true,"href":"https:\/\/systeminfo.pt\/index.php\/wp-json\/wp\/v2\/product_cat?post=1037"},{"taxonomy":"product_tag","embeddable":true,"href":"https:\/\/systeminfo.pt\/index.php\/wp-json\/wp\/v2\/product_tag?post=1037"}],"curies":[{"name":"wp","href":"https:\/\/api.w.org\/{rel}","templated":true}]}}