{"id":856,"date":"2018-06-06T14:41:49","date_gmt":"2018-06-06T14:41:49","guid":{"rendered":"http:\/\/localhost\/wordpress2\/?page_id=856"},"modified":"2023-03-05T20:33:22","modified_gmt":"2023-03-05T20:33:22","slug":"manutencao","status":"publish","type":"page","link":"https:\/\/systeminfo.pt\/index.php\/manutencao\/","title":{"rendered":"Manuten\u00e7\u00e3o de Plotters, Multifun\u00e7\u00f5es e Impressoras"},"content":{"rendered":"\n<p>Reparamos\nos mais diversos tipos de avaria em Plotters HP Canon Epson, multifun\u00e7\u00f5es e\nimpressoras. Tendo como foco, responder \u00e0s mais variadas necessidades dos\nnossos clientes, dispomos de uma leque diversificado de servi\u00e7os:<\/p>\n\n\n\n<ul><li>Avalia\u00e7\u00e3o e diagn\u00f3stico<\/li><li>Manuten\u00e7\u00e3o<\/li><li>Repara\u00e7\u00e3o<\/li><li>Contratos<\/li><\/ul>\n","protected":false},"excerpt":{"rendered":"<p>Reparamos os mais diversos tipos de avaria em Plotters HP Canon Epson, multifun\u00e7\u00f5es e impressoras. Tendo como foco, responder \u00e0s mais variadas necessidades dos nossos clientes, dispomos de uma leque diversificado de servi\u00e7os: Avalia\u00e7\u00e3o e diagn\u00f3stico Manuten\u00e7\u00e3o Repara\u00e7\u00e3o Contratos<\/p>\n","protected":false},"author":1,"featured_media":0,"parent":0,"menu_order":0,"comment_status":"closed","ping_status":"closed","template":"","meta":{"_mi_skip_tracking":false,"_exactmetrics_sitenote_active":false,"_exactmetrics_sitenote_note":"","_exactmetrics_sitenote_category":0,"footnotes":""},"_links":{"self":[{"href":"https:\/\/systeminfo.pt\/index.php\/wp-json\/wp\/v2\/pages\/856"}],"collection":[{"href":"https:\/\/systeminfo.pt\/index.php\/wp-json\/wp\/v2\/pages"}],"about":[{"href":"https:\/\/systeminfo.pt\/index.php\/wp-json\/wp\/v2\/types\/page"}],"author":[{"embeddable":true,"href":"https:\/\/systeminfo.pt\/index.php\/wp-json\/wp\/v2\/users\/1"}],"replies":[{"embeddable":true,"href":"https:\/\/systeminfo.pt\/index.php\/wp-json\/wp\/v2\/comments?post=856"}],"version-history":[{"count":4,"href":"https:\/\/systeminfo.pt\/index.php\/wp-json\/wp\/v2\/pages\/856\/revisions"}],"predecessor-version":[{"id":5587,"href":"https:\/\/systeminfo.pt\/index.php\/wp-json\/wp\/v2\/pages\/856\/revisions\/5587"}],"wp:attachment":[{"href":"https:\/\/systeminfo.pt\/index.php\/wp-json\/wp\/v2\/media?parent=856"}],"curies":[{"name":"wp","href":"https:\/\/api.w.org\/{rel}","templated":true}]}}