{"id":5566,"date":"2023-03-05T17:03:26","date_gmt":"2023-03-05T17:03:26","guid":{"rendered":"https:\/\/systeminfo.pt\/?page_id=5566"},"modified":"2023-03-05T20:35:31","modified_gmt":"2023-03-05T20:35:31","slug":"projetores-de-video","status":"publish","type":"page","link":"https:\/\/systeminfo.pt\/index.php\/reparacao-de-projetores\/projetores-de-video\/","title":{"rendered":"Projetores de Video"},"content":{"rendered":"\n<h2 class=\"wp-block-heading\"><\/h2>\n\n\n\n<ul class=\"wp-block-list\"><li>Repara\u00e7\u00f5es Multimarca<\/li><li>L\u00e2mpadas Originais e Compat\u00edveis<\/li><li>Contrato de Assist\u00eancia e Manuten\u00e7\u00e3o<\/li><\/ul>\n\n\n\n<p><\/p>\n","protected":false},"excerpt":{"rendered":"<p>Repara\u00e7\u00f5es Multimarca L\u00e2mpadas Originais e Compat\u00edveis Contrato de Assist\u00eancia e Manuten\u00e7\u00e3o<\/p>\n","protected":false},"author":1,"featured_media":0,"parent":5573,"menu_order":0,"comment_status":"closed","ping_status":"closed","template":"","meta":{"_exactmetrics_skip_tracking":false,"_exactmetrics_sitenote_active":false,"_exactmetrics_sitenote_note":"","_exactmetrics_sitenote_category":0,"footnotes":""},"class_list":["post-5566","page","type-page","status-publish","hentry"],"_links":{"self":[{"href":"https:\/\/systeminfo.pt\/index.php\/wp-json\/wp\/v2\/pages\/5566","targetHints":{"allow":["GET"]}}],"collection":[{"href":"https:\/\/systeminfo.pt\/index.php\/wp-json\/wp\/v2\/pages"}],"about":[{"href":"https:\/\/systeminfo.pt\/index.php\/wp-json\/wp\/v2\/types\/page"}],"author":[{"embeddable":true,"href":"https:\/\/systeminfo.pt\/index.php\/wp-json\/wp\/v2\/users\/1"}],"replies":[{"embeddable":true,"href":"https:\/\/systeminfo.pt\/index.php\/wp-json\/wp\/v2\/comments?post=5566"}],"version-history":[{"count":2,"href":"https:\/\/systeminfo.pt\/index.php\/wp-json\/wp\/v2\/pages\/5566\/revisions"}],"predecessor-version":[{"id":5577,"href":"https:\/\/systeminfo.pt\/index.php\/wp-json\/wp\/v2\/pages\/5566\/revisions\/5577"}],"up":[{"embeddable":true,"href":"https:\/\/systeminfo.pt\/index.php\/wp-json\/wp\/v2\/pages\/5573"}],"wp:attachment":[{"href":"https:\/\/systeminfo.pt\/index.php\/wp-json\/wp\/v2\/media?parent=5566"}],"curies":[{"name":"wp","href":"https:\/\/api.w.org\/{rel}","templated":true}]}}